{"id":13,"date":"2020-07-20T08:47:06","date_gmt":"2020-07-20T08:47:06","guid":{"rendered":"https:\/\/chuecosseguros.com\/?page_id=13"},"modified":"2023-10-19T09:56:22","modified_gmt":"2023-10-19T09:56:22","slug":"contacto","status":"publish","type":"page","link":"https:\/\/chuecosseguros.com\/en\/contacto\/","title":{"rendered":"Contact"},"content":{"rendered":"<div data-elementor-type=\"wp-page\" data-elementor-id=\"13\" class=\"elementor elementor-13\">\n\t\t\t\t\t\t<section class=\"elementor-section elementor-top-section elementor-element elementor-element-8775478 elementor-section-boxed elementor-section-height-default elementor-section-height-default\" data-id=\"8775478\" data-element_type=\"section\" data-settings=\"{&quot;background_background&quot;:&quot;classic&quot;}\">\n\t\t\t\t\t\t\t<div class=\"elementor-background-overlay\"><\/div>\n\t\t\t\t\t\t\t<div class=\"elementor-container elementor-column-gap-no\">\n\t\t\t\t\t<div class=\"elementor-column elementor-col-100 elementor-top-column elementor-element elementor-element-baf78e9\" data-id=\"baf78e9\" data-element_type=\"column\">\n\t\t\t<div class=\"elementor-widget-wrap elementor-element-populated\">\n\t\t\t\t\t\t<div class=\"elementor-element elementor-element-b3c08ad elementor-widget elementor-widget-heading\" data-id=\"b3c08ad\" data-element_type=\"widget\" data-widget_type=\"heading.default\">\n\t\t\t\t<div class=\"elementor-widget-container\">\n\t\t\t<h1 class=\"elementor-heading-title elementor-size-default\">Contact with us<\/h1>\t\t<\/div>\n\t\t\t\t<\/div>\n\t\t\t\t\t<\/div>\n\t\t<\/div>\n\t\t\t\t\t<\/div>\n\t\t<\/section>\n\t\t\t\t<section class=\"elementor-section elementor-top-section elementor-element elementor-element-f5d5f9d elementor-section-boxed elementor-section-height-default elementor-section-height-default\" data-id=\"f5d5f9d\" data-element_type=\"section\">\n\t\t\t\t\t\t<div class=\"elementor-container elementor-column-gap-no\">\n\t\t\t\t\t<div class=\"elementor-column elementor-col-100 elementor-top-column elementor-element elementor-element-5aebf8e\" data-id=\"5aebf8e\" data-element_type=\"column\">\n\t\t\t<div class=\"elementor-widget-wrap elementor-element-populated\">\n\t\t\t\t\t\t<div class=\"elementor-element elementor-element-d62cd8f elementor-widget__width-auto elementor-widget elementor-widget-heading\" data-id=\"d62cd8f\" data-element_type=\"widget\" data-widget_type=\"heading.default\">\n\t\t\t\t<div class=\"elementor-widget-container\">\n\t\t\t<h6 class=\"elementor-heading-title elementor-size-default\">Cont\u00e1ctanos<\/h6>\t\t<\/div>\n\t\t\t\t<\/div>\n\t\t\t\t<div class=\"elementor-element elementor-element-728a33f elementor-widget__width-auto elementor-widget-divider--view-line elementor-widget elementor-widget-divider\" data-id=\"728a33f\" data-element_type=\"widget\" data-widget_type=\"divider.default\">\n\t\t\t\t<div class=\"elementor-widget-container\">\n\t\t\t\t\t<div class=\"elementor-divider\">\n\t\t\t<span class=\"elementor-divider-separator\">\n\t\t\t\t\t\t<\/span>\n\t\t<\/div>\n\t\t\t\t<\/div>\n\t\t\t\t<\/div>\n\t\t\t\t<div class=\"elementor-element elementor-element-ee57f49 elementor-widget elementor-widget-heading\" data-id=\"ee57f49\" data-element_type=\"widget\" data-widget_type=\"heading.default\">\n\t\t\t\t<div class=\"elementor-widget-container\">\n\t\t\t<h2 class=\"elementor-heading-title elementor-size-default\">Mantente en contacto y deja que cuidemos de los tuyos<\/h2>\t\t<\/div>\n\t\t\t\t<\/div>\n\t\t\t\t\t<\/div>\n\t\t<\/div>\n\t\t\t\t\t<\/div>\n\t\t<\/section>\n\t\t\t\t<section class=\"elementor-section elementor-top-section elementor-element elementor-element-dfb297c elementor-section-boxed elementor-section-height-default elementor-section-height-default\" data-id=\"dfb297c\" data-element_type=\"section\">\n\t\t\t\t\t\t<div class=\"elementor-container elementor-column-gap-no\">\n\t\t\t\t\t<div class=\"elementor-column elementor-col-100 elementor-top-column elementor-element elementor-element-3a0743b\" data-id=\"3a0743b\" data-element_type=\"column\">\n\t\t\t<div class=\"elementor-widget-wrap elementor-element-populated\">\n\t\t\t\t\t\t<section class=\"elementor-section elementor-inner-section elementor-element elementor-element-a5c847c elementor-section-boxed elementor-section-height-default elementor-section-height-default\" data-id=\"a5c847c\" data-element_type=\"section\">\n\t\t\t\t\t\t<div class=\"elementor-container elementor-column-gap-no\">\n\t\t\t\t\t<div class=\"elementor-column elementor-col-50 elementor-inner-column elementor-element elementor-element-839ca64\" data-id=\"839ca64\" data-element_type=\"column\" data-settings=\"{&quot;background_background&quot;:&quot;classic&quot;}\">\n\t\t\t<div class=\"elementor-widget-wrap elementor-element-populated\">\n\t\t\t\t\t<div class=\"elementor-background-overlay\"><\/div>\n\t\t\t\t\t\t<div class=\"elementor-element elementor-element-3cecbe3 elementor-widget__width-auto elementor-widget elementor-widget-heading\" data-id=\"3cecbe3\" data-element_type=\"widget\" data-widget_type=\"heading.default\">\n\t\t\t\t<div class=\"elementor-widget-container\">\n\t\t\t<h6 class=\"elementor-heading-title elementor-size-default\">Cuidado y respeto<\/h6>\t\t<\/div>\n\t\t\t\t<\/div>\n\t\t\t\t<div class=\"elementor-element elementor-element-afcd942 elementor-widget__width-auto elementor-widget-divider--view-line elementor-widget elementor-widget-divider\" data-id=\"afcd942\" data-element_type=\"widget\" data-widget_type=\"divider.default\">\n\t\t\t\t<div class=\"elementor-widget-container\">\n\t\t\t\t\t<div class=\"elementor-divider\">\n\t\t\t<span class=\"elementor-divider-separator\">\n\t\t\t\t\t\t<\/span>\n\t\t<\/div>\n\t\t\t\t<\/div>\n\t\t\t\t<\/div>\n\t\t\t\t<div class=\"elementor-element elementor-element-438c7b4 elementor-widget elementor-widget-heading\" data-id=\"438c7b4\" data-element_type=\"widget\" data-widget_type=\"heading.default\">\n\t\t\t\t<div class=\"elementor-widget-container\">\n\t\t\t<h3 class=\"elementor-heading-title elementor-size-default\">No lo dudes, ll\u00e1manos e inf\u00f3rmate, te daremos todas las facilidades que est\u00e9n a nuestro alcance<\/h3>\t\t<\/div>\n\t\t\t\t<\/div>\n\t\t\t\t\t<\/div>\n\t\t<\/div>\n\t\t\t\t<div class=\"elementor-column elementor-col-25 elementor-inner-column elementor-element elementor-element-003553d\" data-id=\"003553d\" data-element_type=\"column\" data-settings=\"{&quot;background_background&quot;:&quot;classic&quot;}\">\n\t\t\t<div class=\"elementor-widget-wrap elementor-element-populated\">\n\t\t\t\t\t\t<div class=\"elementor-element elementor-element-b96ce7f elementor-widget__width-auto elementor-widget elementor-widget-heading\" data-id=\"b96ce7f\" data-element_type=\"widget\" data-widget_type=\"heading.default\">\n\t\t\t\t<div class=\"elementor-widget-container\">\n\t\t\t<h6 class=\"elementor-heading-title elementor-size-default\">Contact<\/h6>\t\t<\/div>\n\t\t\t\t<\/div>\n\t\t\t\t<div class=\"elementor-element elementor-element-73623b9 elementor-widget__width-auto elementor-widget-divider--view-line elementor-widget elementor-widget-divider\" data-id=\"73623b9\" data-element_type=\"widget\" data-widget_type=\"divider.default\">\n\t\t\t\t<div class=\"elementor-widget-container\">\n\t\t\t\t\t<div class=\"elementor-divider\">\n\t\t\t<span class=\"elementor-divider-separator\">\n\t\t\t\t\t\t<\/span>\n\t\t<\/div>\n\t\t\t\t<\/div>\n\t\t\t\t<\/div>\n\t\t\t\t<div class=\"elementor-element elementor-element-30e903f elementor-widget elementor-widget-heading\" data-id=\"30e903f\" data-element_type=\"widget\" data-widget_type=\"heading.default\">\n\t\t\t\t<div class=\"elementor-widget-container\">\n\t\t\t<h5 class=\"elementor-heading-title elementor-size-default\">968 44 37 06 <br>968 44 29 64<br>661 40 37 23 (Whatsapp)<\/h5>\t\t<\/div>\n\t\t\t\t<\/div>\n\t\t\t\t<div class=\"elementor-element elementor-element-7016fa6 elementor-widget elementor-widget-heading\" data-id=\"7016fa6\" data-element_type=\"widget\" data-widget_type=\"heading.default\">\n\t\t\t\t<div class=\"elementor-widget-container\">\n\t\t\t<h5 class=\"elementor-heading-title elementor-size-default\"><a href=\"#\">info@chuecosseguros.com<\/a><\/h5>\t\t<\/div>\n\t\t\t\t<\/div>\n\t\t\t\t<div class=\"elementor-element elementor-element-0ab38a9 e-grid-align-left elementor-shape-rounded elementor-grid-0 elementor-widget elementor-widget-social-icons\" data-id=\"0ab38a9\" data-element_type=\"widget\" data-widget_type=\"social-icons.default\">\n\t\t\t\t<div class=\"elementor-widget-container\">\n\t\t\t\t\t<div class=\"elementor-social-icons-wrapper elementor-grid\">\n\t\t\t\t\t\t\t<span class=\"elementor-grid-item\">\n\t\t\t\t\t<a class=\"elementor-icon elementor-social-icon elementor-social-icon-instagram elementor-repeater-item-dc0abb0\" href=\"https:\/\/www.instagram.com\/chuecosseguros\/\" target=\"_blank\">\n\t\t\t\t\t\t<span class=\"elementor-screen-only\">Instagram<\/span>\n\t\t\t\t\t\t<i class=\"fab fa-instagram\"><\/i>\t\t\t\t\t<\/a>\n\t\t\t\t<\/span>\n\t\t\t\t\t\t\t<span class=\"elementor-grid-item\">\n\t\t\t\t\t<a class=\"elementor-icon elementor-social-icon elementor-social-icon-facebook elementor-repeater-item-525dd9e\" href=\"https:\/\/www.facebook.com\/CadesGroup\/?locale=es_ES\" target=\"_blank\">\n\t\t\t\t\t\t<span class=\"elementor-screen-only\">Facebook<\/span>\n\t\t\t\t\t\t<i class=\"fab fa-facebook\"><\/i>\t\t\t\t\t<\/a>\n\t\t\t\t<\/span>\n\t\t\t\t\t<\/div>\n\t\t\t\t<\/div>\n\t\t\t\t<\/div>\n\t\t\t\t\t<\/div>\n\t\t<\/div>\n\t\t\t\t<div class=\"elementor-column elementor-col-25 elementor-inner-column elementor-element elementor-element-fe8b7a2\" data-id=\"fe8b7a2\" data-element_type=\"column\" data-settings=\"{&quot;background_background&quot;:&quot;classic&quot;}\">\n\t\t\t<div class=\"elementor-widget-wrap elementor-element-populated\">\n\t\t\t\t\t\t<div class=\"elementor-element elementor-element-f25d8d2 elementor-widget__width-auto elementor-widget elementor-widget-heading\" data-id=\"f25d8d2\" data-element_type=\"widget\" data-widget_type=\"heading.default\">\n\t\t\t\t<div class=\"elementor-widget-container\">\n\t\t\t<h6 class=\"elementor-heading-title elementor-size-default\">Address<\/h6>\t\t<\/div>\n\t\t\t\t<\/div>\n\t\t\t\t<div class=\"elementor-element elementor-element-12cb643 elementor-widget__width-auto elementor-widget-divider--view-line elementor-widget elementor-widget-divider\" data-id=\"12cb643\" data-element_type=\"widget\" data-widget_type=\"divider.default\">\n\t\t\t\t<div class=\"elementor-widget-container\">\n\t\t\t\t\t<div class=\"elementor-divider\">\n\t\t\t<span class=\"elementor-divider-separator\">\n\t\t\t\t\t\t<\/span>\n\t\t<\/div>\n\t\t\t\t<\/div>\n\t\t\t\t<\/div>\n\t\t\t\t<div class=\"elementor-element elementor-element-136dd1e elementor-widget elementor-widget-heading\" data-id=\"136dd1e\" data-element_type=\"widget\" data-widget_type=\"heading.default\">\n\t\t\t\t<div class=\"elementor-widget-container\">\n\t\t\t<h5 class=\"elementor-heading-title elementor-size-default\">c\/ Puente Gimeno, 12, 2\u00ba, 30800 Lorca, Murcia<\/h5>\t\t<\/div>\n\t\t\t\t<\/div>\n\t\t\t\t\t<\/div>\n\t\t<\/div>\n\t\t\t\t\t<\/div>\n\t\t<\/section>\n\t\t\t\t\t<\/div>\n\t\t<\/div>\n\t\t\t\t\t<\/div>\n\t\t<\/section>\n\t\t\t\t<section class=\"elementor-section elementor-top-section elementor-element elementor-element-172d9f4 elementor-section-boxed elementor-section-height-default elementor-section-height-default\" data-id=\"172d9f4\" data-element_type=\"section\" data-settings=\"{&quot;background_background&quot;:&quot;classic&quot;}\">\n\t\t\t\t\t\t\t<div class=\"elementor-background-overlay\"><\/div>\n\t\t\t\t\t\t\t<div class=\"elementor-container elementor-column-gap-no\">\n\t\t\t\t\t<div class=\"elementor-column elementor-col-100 elementor-top-column elementor-element elementor-element-93fed7d\" data-id=\"93fed7d\" data-element_type=\"column\">\n\t\t\t<div class=\"elementor-widget-wrap elementor-element-populated\">\n\t\t\t\t\t\t<div class=\"elementor-element elementor-element-f33da59 elementor-widget elementor-widget-google_maps\" data-id=\"f33da59\" data-element_type=\"widget\" data-widget_type=\"google_maps.default\">\n\t\t\t\t<div class=\"elementor-widget-container\">\n\t\t\t\t\t<div class=\"elementor-custom-embed\">\n\t\t\t<iframe loading=\"lazy\"\n\t\t\t\t\tsrc=\"https:\/\/maps.google.com\/maps?q=Calle%20Puente%20Gimeno%2C%2012%2C%2030800%20Lorca%2C%20Murcia%20&#038;t=m&#038;z=16&#038;output=embed&#038;iwloc=near\"\n\t\t\t\t\ttitle=\"Calle Puente Gimeno, 12, 30800 Lorca, Murcia \"\n\t\t\t\t\taria-label=\"Calle Puente Gimeno, 12, 30800 Lorca, Murcia \"\n\t\t\t><\/iframe>\n\t\t<\/div>\n\t\t\t\t<\/div>\n\t\t\t\t<\/div>\n\t\t\t\t\t<\/div>\n\t\t<\/div>\n\t\t\t\t\t<\/div>\n\t\t<\/section>\n\t\t\t\t<\/div>","protected":false},"excerpt":{"rendered":"<p>Contacta con nosotros Cont\u00e1ctanos Mantente en contacto y deja que cuidemos de los tuyos Cuidado y respeto No lo dudes, ll\u00e1manos e inf\u00f3rmate, te daremos todas las facilidades que est\u00e9n a nuestro alcance Contacto 968 44 37 06 968 44 29 64661 40 37 23 (Whatsapp) info@chuecosseguros.com Instagram Facebook Direcci\u00f3n c\/ Puente Gimeno, 12, 2\u00ba, &hellip;<\/p>\n<p class=\"read-more\"> <a class=\"\" href=\"https:\/\/chuecosseguros.com\/en\/contacto\/\"> <span class=\"screen-reader-text\">Contact<\/span> Read More &raquo;<\/a><\/p>","protected":false},"author":1,"featured_media":0,"parent":0,"menu_order":0,"comment_status":"closed","ping_status":"closed","template":"","meta":{"_monsterinsights_skip_tracking":false,"_monsterinsights_sitenote_active":false,"_monsterinsights_sitenote_note":"","_monsterinsights_sitenote_category":0,"site-sidebar-layout":"no-sidebar","site-content-layout":"page-builder","ast-global-header-display":"","ast-banner-title-visibility":"","ast-main-header-display":"","ast-hfb-above-header-display":"","ast-hfb-below-header-display":"","ast-hfb-mobile-header-display":"","site-post-title":"disabled","ast-breadcrumbs-content":"disabled","ast-featured-img":"disabled","footer-sml-layout":"","theme-transparent-header-meta":"enabled","adv-header-id-meta":"","stick-header-meta":"","header-above-stick-meta":"","header-main-stick-meta":"","header-below-stick-meta":"","footnotes":""},"yoast_head":"<!-- This site is optimized with the Yoast SEO plugin v22.4 - https:\/\/yoast.com\/wordpress\/plugins\/seo\/ -->\n<title>Contacto | Chuecos Seguros<\/title>\n<meta name=\"robots\" content=\"index, follow, max-snippet:-1, max-image-preview:large, max-video-preview:-1\" \/>\n<link rel=\"canonical\" href=\"https:\/\/chuecosseguros.com\/en\/contacto\/\" \/>\n<meta property=\"og:locale\" content=\"en_US\" \/>\n<meta property=\"og:type\" content=\"article\" \/>\n<meta property=\"og:title\" content=\"Contacto | Chuecos Seguros\" \/>\n<meta property=\"og:description\" content=\"Contacta con nosotros Cont\u00e1ctanos Mantente en contacto y deja que cuidemos de los tuyos Cuidado y respeto No lo dudes, ll\u00e1manos e inf\u00f3rmate, te daremos todas las facilidades que est\u00e9n a nuestro alcance Contacto 968 44 37 06 968 44 29 64661 40 37 23 (Whatsapp) info@chuecosseguros.com Instagram Facebook Direcci\u00f3n c\/ Puente Gimeno, 12, 2\u00ba, &hellip; Contacto Read More &raquo;\" \/>\n<meta property=\"og:url\" content=\"https:\/\/chuecosseguros.com\/en\/contacto\/\" \/>\n<meta property=\"og:site_name\" content=\"Chuecos Seguros\" \/>\n<meta property=\"article:modified_time\" content=\"2023-10-19T09:56:22+00:00\" \/>\n<meta name=\"twitter:card\" content=\"summary_large_image\" \/>\n<script type=\"application\/ld+json\" class=\"yoast-schema-graph\">{\"@context\":\"https:\/\/schema.org\",\"@graph\":[{\"@type\":\"WebPage\",\"@id\":\"https:\/\/chuecosseguros.com\/contacto\/\",\"url\":\"https:\/\/chuecosseguros.com\/contacto\/\",\"name\":\"Contacto | Chuecos Seguros\",\"isPartOf\":{\"@id\":\"https:\/\/chuecosseguros.com\/#website\"},\"datePublished\":\"2020-07-20T08:47:06+00:00\",\"dateModified\":\"2023-10-19T09:56:22+00:00\",\"breadcrumb\":{\"@id\":\"https:\/\/chuecosseguros.com\/contacto\/#breadcrumb\"},\"inLanguage\":\"en-US\",\"potentialAction\":[{\"@type\":\"ReadAction\",\"target\":[\"https:\/\/chuecosseguros.com\/contacto\/\"]}]},{\"@type\":\"BreadcrumbList\",\"@id\":\"https:\/\/chuecosseguros.com\/contacto\/#breadcrumb\",\"itemListElement\":[{\"@type\":\"ListItem\",\"position\":1,\"name\":\"Home\",\"item\":\"https:\/\/chuecosseguros.com\/\"},{\"@type\":\"ListItem\",\"position\":2,\"name\":\"Contacto\"}]},{\"@type\":\"WebSite\",\"@id\":\"https:\/\/chuecosseguros.com\/#website\",\"url\":\"https:\/\/chuecosseguros.com\/\",\"name\":\"Chuecos Seguros\",\"description\":\"Corredur\u00eda de Seguros en Lorca\",\"publisher\":{\"@id\":\"https:\/\/chuecosseguros.com\/#organization\"},\"potentialAction\":[{\"@type\":\"SearchAction\",\"target\":{\"@type\":\"EntryPoint\",\"urlTemplate\":\"https:\/\/chuecosseguros.com\/?s={search_term_string}\"},\"query-input\":\"required name=search_term_string\"}],\"inLanguage\":\"en-US\"},{\"@type\":\"Organization\",\"@id\":\"https:\/\/chuecosseguros.com\/#organization\",\"name\":\"Chuecos Seguros\",\"url\":\"https:\/\/chuecosseguros.com\/\",\"logo\":{\"@type\":\"ImageObject\",\"inLanguage\":\"en-US\",\"@id\":\"https:\/\/chuecosseguros.com\/#\/schema\/logo\/image\/\",\"url\":\"https:\/\/chuecosseguros.com\/wp-content\/uploads\/2020\/08\/Chuecos-Seguros-logo3.png\",\"contentUrl\":\"https:\/\/chuecosseguros.com\/wp-content\/uploads\/2020\/08\/Chuecos-Seguros-logo3.png\",\"width\":611,\"height\":200,\"caption\":\"Chuecos Seguros\"},\"image\":{\"@id\":\"https:\/\/chuecosseguros.com\/#\/schema\/logo\/image\/\"}}]}<\/script>\n<!-- \/ Yoast SEO plugin. -->","yoast_head_json":{"title":"Contacto | Chuecos Seguros","robots":{"index":"index","follow":"follow","max-snippet":"max-snippet:-1","max-image-preview":"max-image-preview:large","max-video-preview":"max-video-preview:-1"},"canonical":"https:\/\/chuecosseguros.com\/en\/contacto\/","og_locale":"en_US","og_type":"article","og_title":"Contacto | Chuecos Seguros","og_description":"Contacta con nosotros Cont\u00e1ctanos Mantente en contacto y deja que cuidemos de los tuyos Cuidado y respeto No lo dudes, ll\u00e1manos e inf\u00f3rmate, te daremos todas las facilidades que est\u00e9n a nuestro alcance Contacto 968 44 37 06 968 44 29 64661 40 37 23 (Whatsapp) info@chuecosseguros.com Instagram Facebook Direcci\u00f3n c\/ Puente Gimeno, 12, 2\u00ba, &hellip; Contacto Read More &raquo;","og_url":"https:\/\/chuecosseguros.com\/en\/contacto\/","og_site_name":"Chuecos Seguros","article_modified_time":"2023-10-19T09:56:22+00:00","twitter_card":"summary_large_image","schema":{"@context":"https:\/\/schema.org","@graph":[{"@type":"WebPage","@id":"https:\/\/chuecosseguros.com\/contacto\/","url":"https:\/\/chuecosseguros.com\/contacto\/","name":"Contacto | Chuecos Seguros","isPartOf":{"@id":"https:\/\/chuecosseguros.com\/#website"},"datePublished":"2020-07-20T08:47:06+00:00","dateModified":"2023-10-19T09:56:22+00:00","breadcrumb":{"@id":"https:\/\/chuecosseguros.com\/contacto\/#breadcrumb"},"inLanguage":"en-US","potentialAction":[{"@type":"ReadAction","target":["https:\/\/chuecosseguros.com\/contacto\/"]}]},{"@type":"BreadcrumbList","@id":"https:\/\/chuecosseguros.com\/contacto\/#breadcrumb","itemListElement":[{"@type":"ListItem","position":1,"name":"Home","item":"https:\/\/chuecosseguros.com\/"},{"@type":"ListItem","position":2,"name":"Contacto"}]},{"@type":"WebSite","@id":"https:\/\/chuecosseguros.com\/#website","url":"https:\/\/chuecosseguros.com\/","name":"Chuecos Seguros","description":"Corredur\u00eda de Seguros en Lorca","publisher":{"@id":"https:\/\/chuecosseguros.com\/#organization"},"potentialAction":[{"@type":"SearchAction","target":{"@type":"EntryPoint","urlTemplate":"https:\/\/chuecosseguros.com\/?s={search_term_string}"},"query-input":"required name=search_term_string"}],"inLanguage":"en-US"},{"@type":"Organization","@id":"https:\/\/chuecosseguros.com\/#organization","name":"Chuecos Seguros","url":"https:\/\/chuecosseguros.com\/","logo":{"@type":"ImageObject","inLanguage":"en-US","@id":"https:\/\/chuecosseguros.com\/#\/schema\/logo\/image\/","url":"https:\/\/chuecosseguros.com\/wp-content\/uploads\/2020\/08\/Chuecos-Seguros-logo3.png","contentUrl":"https:\/\/chuecosseguros.com\/wp-content\/uploads\/2020\/08\/Chuecos-Seguros-logo3.png","width":611,"height":200,"caption":"Chuecos Seguros"},"image":{"@id":"https:\/\/chuecosseguros.com\/#\/schema\/logo\/image\/"}}]}},"_links":{"self":[{"href":"https:\/\/chuecosseguros.com\/en\/wp-json\/wp\/v2\/pages\/13"}],"collection":[{"href":"https:\/\/chuecosseguros.com\/en\/wp-json\/wp\/v2\/pages"}],"about":[{"href":"https:\/\/chuecosseguros.com\/en\/wp-json\/wp\/v2\/types\/page"}],"author":[{"embeddable":true,"href":"https:\/\/chuecosseguros.com\/en\/wp-json\/wp\/v2\/users\/1"}],"replies":[{"embeddable":true,"href":"https:\/\/chuecosseguros.com\/en\/wp-json\/wp\/v2\/comments?post=13"}],"version-history":[{"count":35,"href":"https:\/\/chuecosseguros.com\/en\/wp-json\/wp\/v2\/pages\/13\/revisions"}],"predecessor-version":[{"id":1100,"href":"https:\/\/chuecosseguros.com\/en\/wp-json\/wp\/v2\/pages\/13\/revisions\/1100"}],"wp:attachment":[{"href":"https:\/\/chuecosseguros.com\/en\/wp-json\/wp\/v2\/media?parent=13"}],"curies":[{"name":"wp","href":"https:\/\/api.w.org\/{rel}","templated":true}]}}