{"id":648,"date":"2023-03-23T03:20:53","date_gmt":"2023-03-23T03:20:53","guid":{"rendered":"https:\/\/chuecosseguros.com\/?page_id=648"},"modified":"2023-10-16T08:33:29","modified_gmt":"2023-10-16T08:33:29","slug":"accesibilidad","status":"publish","type":"page","link":"https:\/\/chuecosseguros.com\/en\/accesibilidad\/","title":{"rendered":"Accesibilidad"},"content":{"rendered":"<div data-elementor-type=\"wp-page\" data-elementor-id=\"648\" class=\"elementor elementor-648\">\n\t\t\t\t\t\t<section class=\"elementor-section elementor-top-section elementor-element elementor-element-97b6f80 elementor-section-boxed elementor-section-height-default elementor-section-height-default\" data-id=\"97b6f80\" data-element_type=\"section\">\n\t\t\t\t\t\t<div class=\"elementor-container elementor-column-gap-default\">\n\t\t\t\t\t<div class=\"elementor-column elementor-col-100 elementor-top-column elementor-element elementor-element-45f899c\" data-id=\"45f899c\" data-element_type=\"column\">\n\t\t\t<div class=\"elementor-widget-wrap elementor-element-populated\">\n\t\t\t\t\t\t<div class=\"elementor-element elementor-element-42f42a3 elementor-widget elementor-widget-text-editor\" data-id=\"42f42a3\" data-element_type=\"widget\" data-widget_type=\"text-editor.default\">\n\t\t\t\t<div class=\"elementor-widget-container\">\n\t\t\t\t\t\t\t<p><b><span data-contrast=\"auto\">ACCESIBILIDAD<\/span><\/b><\/p><p>\u00a0<\/p><ol><li><b><span data-contrast=\"auto\">Introducci\u00f3n.<\/span><\/b><\/li><\/ol><p>En nuestra p\u00e1gina web, nos esforzamos por garantizar que todas las personas, independientemente de su situaci\u00f3n o habilidades, puedan acceder a nuestros contenidos y servicios. Creemos que la accesibilidad es un derecho fundamental y una responsabilidad \u00e9tica, y por eso hemos incorporado una serie de caracter\u00edsticas de dise\u00f1o y codificaci\u00f3n que hacen que nuestra p\u00e1gina web sea m\u00e1s accesible y f\u00e1cil de usar.<\/p><p>\u00a0<\/p><ol><li><strong>Directrices<\/strong><\/li><\/ol><p>El 1 de enero del a\u00f1o 2006 entr\u00f3 en vigor la normativa que obliga a las administraciones p\u00fablicas espa\u00f1olas a hacer sus sitios web accesibles a todos los ciudadanos\/as. Para ello, las administraciones deben aplicar las directrices\u00a0<acronym class=\"texto-zoom\" title=\"Web Accesibility Initiative\">WAI<\/acronym>\u00a0(grupo que construye los est\u00e1ndares de accesibilidad) del\u00a0<a class=\"aclink texto-zoom\" href=\"http:\/\/www.w3c.org\/\" target=\"_blank\" rel=\"noopener\" data-insuit-uuid=\"67a7ed8e-8146-43de-8ccc-2def0ef41ad6\">W3C<\/a>, que tiene como objetivo garantizar la accesibilidad de los sitios web de la Administraci\u00f3n P\u00fablica. Conforme a la norma UNE-EN 301 549:2022, se han implementado las medidas necesarias para asegurar la accesibilidad de este sitio web a todas las personas.<\/p><p>Siguiendo las directrices WAI del W3C, hemos implementado una serie de medidas t\u00e9cnicas que permiten a las personas con discapacidad visual, auditiva, motora o cognitiva acceder a nuestros contenidos sin barreras. Entre estas medidas, destacamos la posibilidad de navegar por nuestra p\u00e1gina mediante el teclado, el uso de etiquetas descriptivas para im\u00e1genes, la integraci\u00f3n de subt\u00edtulos y transcripciones en nuestros v\u00eddeos y la utilizaci\u00f3n de un alto contraste y un tama\u00f1o de fuente adaptable.<\/p><p>Esta p\u00e1gina web cumple con la normativa WCAG 2.1 en materia de accesibilidad, que establece las directrices y criterios para garantizar que el contenido web sea accesible a todas las personas, incluyendo aquellas con discapacidad.<\/p><p>Para ello, hemos seguido las pautas y t\u00e9cnicas de la WCAG 2.1 en tres niveles: A, AA y AAA. Estos niveles establecen diferentes requisitos de accesibilidad, desde los m\u00e1s b\u00e1sicos hasta los m\u00e1s avanzados, para garantizar la m\u00e1xima accesibilidad posible.<\/p><p>Adara consultor\u00eda de proyectos se compromete a mejorar continuamente la accesibilidad de nuestra p\u00e1gina web y a atender cualquier sugerencia o comentario que los usuarios nos hagan al respecto. Si encuentra alg\u00fan problema de accesibilidad en nuestra p\u00e1gina, no dude en ponerse en contacto con nosotros para que podamos solucionarlo de inmediato.<\/p>\t\t\t\t\t\t<\/div>\n\t\t\t\t<\/div>\n\t\t\t\t\t<\/div>\n\t\t<\/div>\n\t\t\t\t\t<\/div>\n\t\t<\/section>\n\t\t\t\t<\/div>","protected":false},"excerpt":{"rendered":"<p>ACCESIBILIDAD Introducci\u00f3n. En nuestra p\u00e1gina web, nos esforzamos por garantizar que todas las personas, independientemente de su situaci\u00f3n o habilidades, puedan acceder a nuestros contenidos y servicios. Creemos que la accesibilidad es un derecho fundamental y una responsabilidad \u00e9tica, y por eso hemos incorporado una serie de caracter\u00edsticas de dise\u00f1o y codificaci\u00f3n que hacen que &hellip;<\/p>\n<p class=\"read-more\"> <a class=\"\" href=\"https:\/\/chuecosseguros.com\/en\/accesibilidad\/\"> <span class=\"screen-reader-text\">Accesibilidad<\/span> Read More &raquo;<\/a><\/p>","protected":false},"author":2,"featured_media":0,"parent":0,"menu_order":0,"comment_status":"closed","ping_status":"closed","template":"","meta":{"_monsterinsights_skip_tracking":false,"_monsterinsights_sitenote_active":false,"_monsterinsights_sitenote_note":"","_monsterinsights_sitenote_category":0,"site-sidebar-layout":"no-sidebar","site-content-layout":"page-builder","ast-global-header-display":"","ast-banner-title-visibility":"","ast-main-header-display":"","ast-hfb-above-header-display":"","ast-hfb-below-header-display":"","ast-hfb-mobile-header-display":"","site-post-title":"disabled","ast-breadcrumbs-content":"disabled","ast-featured-img":"disabled","footer-sml-layout":"","theme-transparent-header-meta":"enabled","adv-header-id-meta":"","stick-header-meta":"","header-above-stick-meta":"","header-main-stick-meta":"","header-below-stick-meta":"","footnotes":""},"yoast_head":"<!-- This site is optimized with the Yoast SEO plugin v22.4 - https:\/\/yoast.com\/wordpress\/plugins\/seo\/ -->\n<title>Accesibilidad | Chuecos Seguros<\/title>\n<meta name=\"robots\" content=\"index, follow, max-snippet:-1, max-image-preview:large, max-video-preview:-1\" \/>\n<link rel=\"canonical\" href=\"https:\/\/chuecosseguros.com\/en\/accesibilidad\/\" \/>\n<meta property=\"og:locale\" content=\"en_US\" \/>\n<meta property=\"og:type\" content=\"article\" \/>\n<meta property=\"og:title\" content=\"Accesibilidad | Chuecos Seguros\" \/>\n<meta property=\"og:description\" content=\"ACCESIBILIDAD Introducci\u00f3n. En nuestra p\u00e1gina web, nos esforzamos por garantizar que todas las personas, independientemente de su situaci\u00f3n o habilidades, puedan acceder a nuestros contenidos y servicios. Creemos que la accesibilidad es un derecho fundamental y una responsabilidad \u00e9tica, y por eso hemos incorporado una serie de caracter\u00edsticas de dise\u00f1o y codificaci\u00f3n que hacen que &hellip; Accesibilidad Read More &raquo;\" \/>\n<meta property=\"og:url\" content=\"https:\/\/chuecosseguros.com\/en\/accesibilidad\/\" \/>\n<meta property=\"og:site_name\" content=\"Chuecos Seguros\" \/>\n<meta property=\"article:modified_time\" content=\"2023-10-16T08:33:29+00:00\" \/>\n<meta name=\"twitter:card\" content=\"summary_large_image\" \/>\n<meta name=\"twitter:label1\" content=\"Est. reading time\" \/>\n\t<meta name=\"twitter:data1\" content=\"2 minutes\" \/>\n<script type=\"application\/ld+json\" class=\"yoast-schema-graph\">{\"@context\":\"https:\/\/schema.org\",\"@graph\":[{\"@type\":\"WebPage\",\"@id\":\"https:\/\/chuecosseguros.com\/accesibilidad\/\",\"url\":\"https:\/\/chuecosseguros.com\/accesibilidad\/\",\"name\":\"Accesibilidad | Chuecos Seguros\",\"isPartOf\":{\"@id\":\"https:\/\/chuecosseguros.com\/#website\"},\"datePublished\":\"2023-03-23T03:20:53+00:00\",\"dateModified\":\"2023-10-16T08:33:29+00:00\",\"breadcrumb\":{\"@id\":\"https:\/\/chuecosseguros.com\/accesibilidad\/#breadcrumb\"},\"inLanguage\":\"en-US\",\"potentialAction\":[{\"@type\":\"ReadAction\",\"target\":[\"https:\/\/chuecosseguros.com\/accesibilidad\/\"]}]},{\"@type\":\"BreadcrumbList\",\"@id\":\"https:\/\/chuecosseguros.com\/accesibilidad\/#breadcrumb\",\"itemListElement\":[{\"@type\":\"ListItem\",\"position\":1,\"name\":\"Home\",\"item\":\"https:\/\/chuecosseguros.com\/\"},{\"@type\":\"ListItem\",\"position\":2,\"name\":\"Accesibilidad\"}]},{\"@type\":\"WebSite\",\"@id\":\"https:\/\/chuecosseguros.com\/#website\",\"url\":\"https:\/\/chuecosseguros.com\/\",\"name\":\"Chuecos Seguros\",\"description\":\"Corredur\u00eda de Seguros en Lorca\",\"publisher\":{\"@id\":\"https:\/\/chuecosseguros.com\/#organization\"},\"potentialAction\":[{\"@type\":\"SearchAction\",\"target\":{\"@type\":\"EntryPoint\",\"urlTemplate\":\"https:\/\/chuecosseguros.com\/?s={search_term_string}\"},\"query-input\":\"required name=search_term_string\"}],\"inLanguage\":\"en-US\"},{\"@type\":\"Organization\",\"@id\":\"https:\/\/chuecosseguros.com\/#organization\",\"name\":\"Chuecos Seguros\",\"url\":\"https:\/\/chuecosseguros.com\/\",\"logo\":{\"@type\":\"ImageObject\",\"inLanguage\":\"en-US\",\"@id\":\"https:\/\/chuecosseguros.com\/#\/schema\/logo\/image\/\",\"url\":\"https:\/\/chuecosseguros.com\/wp-content\/uploads\/2020\/08\/Chuecos-Seguros-logo3.png\",\"contentUrl\":\"https:\/\/chuecosseguros.com\/wp-content\/uploads\/2020\/08\/Chuecos-Seguros-logo3.png\",\"width\":611,\"height\":200,\"caption\":\"Chuecos Seguros\"},\"image\":{\"@id\":\"https:\/\/chuecosseguros.com\/#\/schema\/logo\/image\/\"}}]}<\/script>\n<!-- \/ Yoast SEO plugin. -->","yoast_head_json":{"title":"Accesibilidad | Chuecos Seguros","robots":{"index":"index","follow":"follow","max-snippet":"max-snippet:-1","max-image-preview":"max-image-preview:large","max-video-preview":"max-video-preview:-1"},"canonical":"https:\/\/chuecosseguros.com\/en\/accesibilidad\/","og_locale":"en_US","og_type":"article","og_title":"Accesibilidad | Chuecos Seguros","og_description":"ACCESIBILIDAD Introducci\u00f3n. En nuestra p\u00e1gina web, nos esforzamos por garantizar que todas las personas, independientemente de su situaci\u00f3n o habilidades, puedan acceder a nuestros contenidos y servicios. Creemos que la accesibilidad es un derecho fundamental y una responsabilidad \u00e9tica, y por eso hemos incorporado una serie de caracter\u00edsticas de dise\u00f1o y codificaci\u00f3n que hacen que &hellip; Accesibilidad Read More &raquo;","og_url":"https:\/\/chuecosseguros.com\/en\/accesibilidad\/","og_site_name":"Chuecos Seguros","article_modified_time":"2023-10-16T08:33:29+00:00","twitter_card":"summary_large_image","twitter_misc":{"Est. reading time":"2 minutes"},"schema":{"@context":"https:\/\/schema.org","@graph":[{"@type":"WebPage","@id":"https:\/\/chuecosseguros.com\/accesibilidad\/","url":"https:\/\/chuecosseguros.com\/accesibilidad\/","name":"Accesibilidad | Chuecos Seguros","isPartOf":{"@id":"https:\/\/chuecosseguros.com\/#website"},"datePublished":"2023-03-23T03:20:53+00:00","dateModified":"2023-10-16T08:33:29+00:00","breadcrumb":{"@id":"https:\/\/chuecosseguros.com\/accesibilidad\/#breadcrumb"},"inLanguage":"en-US","potentialAction":[{"@type":"ReadAction","target":["https:\/\/chuecosseguros.com\/accesibilidad\/"]}]},{"@type":"BreadcrumbList","@id":"https:\/\/chuecosseguros.com\/accesibilidad\/#breadcrumb","itemListElement":[{"@type":"ListItem","position":1,"name":"Home","item":"https:\/\/chuecosseguros.com\/"},{"@type":"ListItem","position":2,"name":"Accesibilidad"}]},{"@type":"WebSite","@id":"https:\/\/chuecosseguros.com\/#website","url":"https:\/\/chuecosseguros.com\/","name":"Chuecos Seguros","description":"Corredur\u00eda de Seguros en Lorca","publisher":{"@id":"https:\/\/chuecosseguros.com\/#organization"},"potentialAction":[{"@type":"SearchAction","target":{"@type":"EntryPoint","urlTemplate":"https:\/\/chuecosseguros.com\/?s={search_term_string}"},"query-input":"required name=search_term_string"}],"inLanguage":"en-US"},{"@type":"Organization","@id":"https:\/\/chuecosseguros.com\/#organization","name":"Chuecos Seguros","url":"https:\/\/chuecosseguros.com\/","logo":{"@type":"ImageObject","inLanguage":"en-US","@id":"https:\/\/chuecosseguros.com\/#\/schema\/logo\/image\/","url":"https:\/\/chuecosseguros.com\/wp-content\/uploads\/2020\/08\/Chuecos-Seguros-logo3.png","contentUrl":"https:\/\/chuecosseguros.com\/wp-content\/uploads\/2020\/08\/Chuecos-Seguros-logo3.png","width":611,"height":200,"caption":"Chuecos Seguros"},"image":{"@id":"https:\/\/chuecosseguros.com\/#\/schema\/logo\/image\/"}}]}},"_links":{"self":[{"href":"https:\/\/chuecosseguros.com\/en\/wp-json\/wp\/v2\/pages\/648"}],"collection":[{"href":"https:\/\/chuecosseguros.com\/en\/wp-json\/wp\/v2\/pages"}],"about":[{"href":"https:\/\/chuecosseguros.com\/en\/wp-json\/wp\/v2\/types\/page"}],"author":[{"embeddable":true,"href":"https:\/\/chuecosseguros.com\/en\/wp-json\/wp\/v2\/users\/2"}],"replies":[{"embeddable":true,"href":"https:\/\/chuecosseguros.com\/en\/wp-json\/wp\/v2\/comments?post=648"}],"version-history":[{"count":20,"href":"https:\/\/chuecosseguros.com\/en\/wp-json\/wp\/v2\/pages\/648\/revisions"}],"predecessor-version":[{"id":1088,"href":"https:\/\/chuecosseguros.com\/en\/wp-json\/wp\/v2\/pages\/648\/revisions\/1088"}],"wp:attachment":[{"href":"https:\/\/chuecosseguros.com\/en\/wp-json\/wp\/v2\/media?parent=648"}],"curies":[{"name":"wp","href":"https:\/\/api.w.org\/{rel}","templated":true}]}}